{"id":368,"date":"2024-03-05T04:21:08","date_gmt":"2024-03-05T04:21:08","guid":{"rendered":"http:\/\/digitalfivezero.com\/?page_id=368"},"modified":"2024-04-01T17:17:29","modified_gmt":"2024-04-01T17:17:29","slug":"sitios-web-y-aplicaciones","status":"publish","type":"page","link":"https:\/\/digitalfivezero.com\/en\/sitios-web-y-aplicaciones\/","title":{"rendered":"Websites &amp; Apps"},"content":{"rendered":"<p>[et_pb_section fb_built=\u00bb1&#8243; next_background_color=\u00bb#ffffff\u00bb admin_label=\u00bbHeader\u00bb _builder_version=\u00bb4.24.2&#8243; _module_preset=\u00bbdefault\u00bb use_background_color_gradient=\u00bbon\u00bb background_color_gradient_type=\u00bbcircular\u00bb background_color_gradient_direction_radial=\u00bbbottom\u00bb background_color_gradient_stops=\u00bb#ff5500 0%|#7a1212 50%|#000000 99%\u00bb background_image=\u00bbhttp:\/\/digitalfivezero.com\/wp-content\/uploads\/2024\/03\/1-web-portada.png\u00bb background_position=\u00bbtop_center\u00bb background_vertical_offset=\u00bb50%\u00bb background_blend=\u00bbscreen\u00bb custom_margin=\u00bb0vw|0vw|0vw|0vw|true|true\u00bb custom_padding=\u00bb||2vw||false|false\u00bb bottom_divider_style=\u00bbcurve2&#8243; background_last_edited=\u00bbon|tablet\u00bb background_mask_aspect_ratio_tablet=\u00bbportrait\u00bb border_radii=\u00bbon|0vw|0vw|0vw|0vw\u00bb locked=\u00bboff\u00bb collapsed=\u00bbon\u00bb global_colors_info=\u00bb{%22gcid-64653083-5242-43fe-8dfb-3d72435526c0%22:%91%22background_color_gradient_stops%22%93}\u00bb][et_pb_row _builder_version=\u00bb4.21.0&#8243; _module_preset=\u00bbdefault\u00bb width=\u00bb90%\u00bb max_width=\u00bb800px\u00bb locked=\u00bboff\u00bb global_colors_info=\u00bb{}\u00bb][et_pb_column type=\u00bb4_4&#8243; _builder_version=\u00bb4.21.0&#8243; _module_preset=\u00bbdefault\u00bb global_colors_info=\u00bb{}\u00bb][et_pb_text _builder_version=\u00bb4.24.2&#8243; _module_preset=\u00bbe1d29e92-60e1-47de-b9ed-0c5ddde9bcd0&#8243; header_font=\u00bbPoppins|700|||||||\u00bb header_text_color=\u00bb#FFFFFF\u00bb text_orientation=\u00bbcenter\u00bb custom_margin=\u00bb||10px||false|false\u00bb global_colors_info=\u00bb{}\u00bb]<\/p>\n<h1>Websites &amp;<br \/>Apps<\/h1>\n<p>[\/et_pb_text][et_pb_text _builder_version=\u00bb4.24.2&#8243; _module_preset=\u00bbb6fa6acb-50ad-4c8f-8ee6-2491e893a465&#8243; text_font=\u00bbPoppins||||||||\u00bb text_text_color=\u00bb#FFFFFF\u00bb text_orientation=\u00bbcenter\u00bb global_colors_info=\u00bb{}\u00bb]<\/p>\n<p>Boost Your Online Presence: Attractive Web Design and App Development<\/p>\n<p>[\/et_pb_text][et_pb_button button_url=\u00bb#quieromillamada\u00bb button_text=\u00bbEstoy Listo\u00bb button_alignment=\u00bbcenter\u00bb _builder_version=\u00bb4.24.2&#8243; _module_preset=\u00bb87e1ad2e-daa8-4b14-b0c6-cff442ec8f9c\u00bb button_bg_color=\u00bb#FF5500&#8243; button_font=\u00bbPoppins|600||on|||||\u00bb custom_padding=\u00bb9px|24px|9px|24px|true|true\u00bb box_shadow_style=\u00bbpreset1&#8243; global_colors_info=\u00bb{}\u00bb][\/et_pb_button][\/et_pb_column][\/et_pb_row][\/et_pb_section][et_pb_section fb_built=\u00bb1&#8243; admin_label=\u00bbProject\u00bb _builder_version=\u00bb4.21.0&#8243; _module_preset=\u00bbdefault\u00bb custom_padding=\u00bb4px||9px|||\u00bb collapsed=\u00bbon\u00bb global_colors_info=\u00bb{}\u00bb][et_pb_row column_structure=\u00bb1_2,1_2&#8243; _builder_version=\u00bb4.24.0&#8243; _module_preset=\u00bbdefault\u00bb global_colors_info=\u00bb{}\u00bb][et_pb_column type=\u00bb1_2&#8243; _builder_version=\u00bb4.21.0&#8243; _module_preset=\u00bbdefault\u00bb global_colors_info=\u00bb{}\u00bb][et_pb_text _builder_version=\u00bb4.24.2&#8243; _module_preset=\u00bbc18b0239-1d65-403d-b835-457d8f21e948&#8243; header_2_font=\u00bbPoppins|700|||||||\u00bb header_2_font_size=\u00bb40px\u00bb width=\u00bb100%\u00bb custom_margin=\u00bb||10px||false|false\u00bb custom_padding=\u00bb0px|||||\u00bb global_colors_info=\u00bb{}\u00bb]<\/p>\n<h2>We will make your online presence more attractive and eye-catching.<\/h2>\n<div class=\"et-pb-draggable-spacing et-pb-draggable-spacing__sizing et-pb-draggable-spacing__height et-pb-draggable-spacing__bottom et-pb-draggable-spacing--animated\"><\/div>\n<div class=\"et-pb-draggable-spacing__bottom et-pb-draggable-spacing__tooltip\"><\/div>\n<div class=\"et-pb-draggable-spacing et-pb-draggable-spacing__sizing et-pb-draggable-spacing__width et-pb-draggable-spacing__left et-pb-draggable-spacing--animated\"><\/div>\n<div class=\"et-pb-draggable-spacing__left et-pb-draggable-spacing__tooltip\"><\/div>\n<div class=\"et-pb-draggable-spacing et-pb-draggable-spacing__sizing et-pb-draggable-spacing__width et-pb-draggable-spacing__right et-pb-draggable-spacing--animated\"><\/div>\n<div class=\"et-pb-draggable-spacing__right et-pb-draggable-spacing__tooltip\"><\/div>\n<div class=\"et-pb-draggable-spacing et-pb-draggable-spacing--active et-pb-draggable-spacing__spacing et-pb-draggable-spacing__top et-pb-draggable-spacing__padding et-pb-draggable-spacing--animated et-pb-draggable-spacing--no-size et-pb-draggable-spacing--hovered\"><\/div>\n<p>[\/et_pb_text][\/et_pb_column][et_pb_column type=\u00bb1_2&#8243; _builder_version=\u00bb4.21.0&#8243; _module_preset=\u00bbdefault\u00bb global_colors_info=\u00bb{}\u00bb][et_pb_text _builder_version=\u00bb4.24.2&#8243; _module_preset=\u00bbb6fa6acb-50ad-4c8f-8ee6-2491e893a465&#8243; text_font=\u00bbPoppins||||||||\u00bb custom_padding=\u00bb9px|||||\u00bb global_colors_info=\u00bb{}\u00bb]<\/p>\n<p>We\u2019ll make your online presence stand out with visually appealing design and responsive functionality. From attractive, mobile-friendly designs to intuitive navigation, we create exceptional user experiences. Whether you need an informational website, an online store, or an interactive platform, we\u2019re ready to turn your ideas into a captivating digital reality.<\/p>\n<p>[\/et_pb_text][\/et_pb_column][\/et_pb_row][et_pb_row _builder_version=\u00bb4.24.2&#8243; _module_preset=\u00bbdefault\u00bb global_colors_info=\u00bb{}\u00bb][et_pb_column type=\u00bb4_4&#8243; _builder_version=\u00bb4.24.2&#8243; _module_preset=\u00bbdefault\u00bb global_colors_info=\u00bb{}\u00bb][et_pb_gallery gallery_ids=\u00bb376,377,378,379,380&#8243; gallery_orderby=\u00bbrand\u00bb fullwidth=\u00bbon\u00bb _builder_version=\u00bb4.24.2&#8243; _module_preset=\u00bbdefault\u00bb border_radii=\u00bbon|15px|15px|15px|15px\u00bb global_colors_info=\u00bb{}\u00bb][\/et_pb_gallery][\/et_pb_column][\/et_pb_row][\/et_pb_section][et_pb_section fb_built=\u00bb1&#8243; admin_label=\u00bbPortfolio\u00bb _builder_version=\u00bb4.24.2&#8243; _module_preset=\u00bbdefault\u00bb background_image=\u00bbhttp:\/\/digitalfivezero.com\/wp-content\/uploads\/2024\/01\/gradiente-4.png\u00bb background_position=\u00bbtop_center\u00bb custom_padding=\u00bb6px||8px|||\u00bb locked=\u00bboff\u00bb collapsed=\u00bboff\u00bb global_colors_info=\u00bb{}\u00bb][et_pb_row _builder_version=\u00bb4.21.0&#8243; _module_preset=\u00bbdefault\u00bb global_colors_info=\u00bb{}\u00bb][et_pb_column type=\u00bb4_4&#8243; _builder_version=\u00bb4.21.0&#8243; _module_preset=\u00bbdefault\u00bb global_colors_info=\u00bb{}\u00bb][et_pb_text _builder_version=\u00bb4.24.0&#8243; _module_preset=\u00bbc18b0239-1d65-403d-b835-457d8f21e948&#8243; text_font=\u00bbPoppins||||||||\u00bb header_2_font=\u00bbPoppins|700|||||||\u00bb text_orientation=\u00bbcenter\u00bb text_orientation_tablet=\u00bbleft\u00bb text_orientation_phone=\u00bbleft\u00bb text_orientation_last_edited=\u00bbon|tablet\u00bb global_colors_info=\u00bb{}\u00bb]<\/p>\n<h2>We also offer<\/h2>\n<p>[\/et_pb_text][\/et_pb_column][\/et_pb_row][et_pb_row column_structure=\u00bb1_2,1_2&#8243; _builder_version=\u00bb4.21.0&#8243; _module_preset=\u00bbdefault\u00bb saved_tabs=\u00bball\u00bb global_colors_info=\u00bb{}\u00bb][et_pb_column type=\u00bb1_2&#8243; _builder_version=\u00bb4.21.0&#8243; _module_preset=\u00bbdefault\u00bb global_colors_info=\u00bb{}\u00bb][et_pb_image src=\u00bbhttp:\/\/digitalfivezero.com\/wp-content\/uploads\/2024\/03\/1-des-contenido.png\u00bb title_text=\u00bb1-des-contenido\u00bb url=\u00bbhttp:\/\/digitalfivezero.com\/desarrollo-de-contenido\u00bb _builder_version=\u00bb4.24.2&#8243; _module_preset=\u00bbdefault\u00bb border_radii=\u00bbon|10px|10px|10px|10px\u00bb global_colors_info=\u00bb{}\u00bb][\/et_pb_image][et_pb_text _builder_version=\u00bb4.24.2&#8243; _module_preset=\u00bb73ea6d9a-304b-45d6-be05-18b2c285bde2&#8243; header_4_font=\u00bbPoppins|700|||||||\u00bb header_4_text_color=\u00bb#ed4f00&#8243; custom_margin=\u00bb||0px||false|false\u00bb global_colors_info=\u00bb{}\u00bb]<\/p>\n<h4><a href=\"http:\/\/digitalfivezero.com\/en\/desarrollo-de-contenido\/\">Content Development<\/a><\/h4>\n<p>[\/et_pb_text][et_pb_text _builder_version=\u00bb4.24.2&#8243; _module_preset=\u00bb9e5fa064-3dda-4695-85ae-d529c66b0ad1&#8243; global_colors_info=\u00bb{}\u00bb]<\/p>\n<p>We create content that\u2019s not only relevant today but also stands the test of time.<\/p>\n<p>[\/et_pb_text][\/et_pb_column][et_pb_column type=\u00bb1_2&#8243; _builder_version=\u00bb4.21.0&#8243; _module_preset=\u00bbdefault\u00bb global_colors_info=\u00bb{}\u00bb][et_pb_image src=\u00bbhttp:\/\/digitalfivezero.com\/wp-content\/uploads\/2024\/03\/1-camp-crea.png\u00bb title_text=\u00bb1-camp-crea\u00bb url=\u00bbhttp:\/\/digitalfivezero.com\/camp-creativas\u00bb _builder_version=\u00bb4.24.2&#8243; _module_preset=\u00bbdefault\u00bb border_radii=\u00bbon|10px|10px|10px|10px\u00bb global_colors_info=\u00bb{}\u00bb][\/et_pb_image][et_pb_text _builder_version=\u00bb4.24.2&#8243; _module_preset=\u00bb73ea6d9a-304b-45d6-be05-18b2c285bde2&#8243; header_4_font=\u00bbPoppins|700|||||||\u00bb header_4_text_color=\u00bb#ed4f00&#8243; custom_margin=\u00bb||0px||false|false\u00bb global_colors_info=\u00bb{}\u00bb]<\/p>\n<h4><a href=\"http:\/\/digitalfivezero.com\/en\/camp-creativas\/\">Creative and Disruptive Campaigns<\/a>s<\/h4>\n<p>[\/et_pb_text][et_pb_text _builder_version=\u00bb4.24.2&#8243; _module_preset=\u00bb9e5fa064-3dda-4695-85ae-d529c66b0ad1&#8243; global_colors_info=\u00bb{}\u00bb]<\/p>\n<p>We break the mold with unconventional content that grabs attention and creates a high level of recall among the audience.<\/p>\n<p>[\/et_pb_text][\/et_pb_column][\/et_pb_row][et_pb_row column_structure=\u00bb1_2,1_2&#8243; _builder_version=\u00bb4.21.0&#8243; _module_preset=\u00bbdefault\u00bb saved_tabs=\u00bball\u00bb global_colors_info=\u00bb{}\u00bb][et_pb_column type=\u00bb1_2&#8243; _builder_version=\u00bb4.21.0&#8243; _module_preset=\u00bbdefault\u00bb global_colors_info=\u00bb{}\u00bb][et_pb_image src=\u00bbhttp:\/\/digitalfivezero.com\/wp-content\/uploads\/2024\/03\/D-marca-ext.png\u00bb title_text=\u00bbD-marca-ext\u00bb url=\u00bbhttp:\/\/digitalfivezero.com\/creacion-de-marca\u00bb _builder_version=\u00bb4.24.2&#8243; _module_preset=\u00bbdefault\u00bb border_radii=\u00bbon|10px|10px|10px|10px\u00bb global_colors_info=\u00bb{}\u00bb][\/et_pb_image][et_pb_text _builder_version=\u00bb4.24.2&#8243; _module_preset=\u00bb73ea6d9a-304b-45d6-be05-18b2c285bde2&#8243; header_4_font=\u00bbPoppins|700|||||||\u00bb header_4_text_color=\u00bb#ed4f00&#8243; custom_margin=\u00bb||0px||false|false\u00bb global_colors_info=\u00bb{}\u00bb]<\/p>\n<h4><a href=\"http:\/\/digitalfivezero.com\/en\/creacion-de-marca\/\">Brand Creation<\/a><\/h4>\n<p>[\/et_pb_text][et_pb_text _builder_version=\u00bb4.24.2&#8243; _module_preset=\u00bb9e5fa064-3dda-4695-85ae-d529c66b0ad1&#8243; hover_enabled=\u00bb0&#8243; global_colors_info=\u00bb{}\u00bb sticky_enabled=\u00bb0&#8243;]<\/p>\n<p><span>We build unforgettable brands and images!<\/span><\/p>\n<p>[\/et_pb_text][\/et_pb_column][et_pb_column type=\u00bb1_2&#8243; _builder_version=\u00bb4.21.0&#8243; _module_preset=\u00bbdefault\u00bb global_colors_info=\u00bb{}\u00bb][et_pb_image src=\u00bbhttp:\/\/digitalfivezero.com\/wp-content\/uploads\/2024\/03\/copywriting11.png\u00bb title_text=\u00bbcopywriting11&#8243; url=\u00bbhttp:\/\/digitalfivezero.com\/copywriting\u00bb _builder_version=\u00bb4.24.2&#8243; _module_preset=\u00bbdefault\u00bb border_radii=\u00bbon|10px|10px|10px|10px\u00bb locked=\u00bboff\u00bb global_colors_info=\u00bb{}\u00bb][\/et_pb_image][et_pb_text _builder_version=\u00bb4.24.2&#8243; _module_preset=\u00bb73ea6d9a-304b-45d6-be05-18b2c285bde2&#8243; header_4_font=\u00bbPoppins|700|||||||\u00bb header_4_text_color=\u00bb#ed4f00&#8243; custom_margin=\u00bb||0px||false|false\u00bb locked=\u00bboff\u00bb global_colors_info=\u00bb{}\u00bb]<\/p>\n<h4><a href=\"http:\/\/digitalfivezero.com\/en\/copywriting\/\">Copywriting<\/a><\/h4>\n<p>[\/et_pb_text][et_pb_text _builder_version=\u00bb4.24.2&#8243; _module_preset=\u00bb9e5fa064-3dda-4695-85ae-d529c66b0ad1&#8243; locked=\u00bboff\u00bb global_colors_info=\u00bb{}\u00bb]<\/p>\n<p>We craft persuasive texts that drive sales and customers to your company.<\/p>\n<p>[\/et_pb_text][\/et_pb_column][\/et_pb_row][et_pb_row column_structure=\u00bb1_2,1_2&#8243; _builder_version=\u00bb4.21.0&#8243; _module_preset=\u00bbdefault\u00bb saved_tabs=\u00bball\u00bb global_colors_info=\u00bb{}\u00bb][et_pb_column type=\u00bb1_2&#8243; _builder_version=\u00bb4.21.0&#8243; _module_preset=\u00bbdefault\u00bb global_colors_info=\u00bb{}\u00bb][et_pb_image src=\u00bbhttp:\/\/digitalfivezero.com\/wp-content\/uploads\/2024\/03\/analisis-datos.png\u00bb title_text=\u00bbanalisis-datos\u00bb url=\u00bbhttp:\/\/digitalfivezero.com\/analisis-de-datos\u00bb _builder_version=\u00bb4.24.2&#8243; _module_preset=\u00bbdefault\u00bb border_radii=\u00bbon|10px|10px|10px|10px\u00bb global_colors_info=\u00bb{}\u00bb][\/et_pb_image][et_pb_text _builder_version=\u00bb4.24.2&#8243; _module_preset=\u00bb73ea6d9a-304b-45d6-be05-18b2c285bde2&#8243; header_4_font=\u00bbPoppins|700|||||||\u00bb header_4_text_color=\u00bb#ed4f00&#8243; custom_margin=\u00bb||0px||false|false\u00bb global_colors_info=\u00bb{}\u00bb]<\/p>\n<h4><a href=\"http:\/\/digitalfivezero.com\/en\/analisis-de-datos\/\">Data Analysis<\/a><\/h4>\n<p>[\/et_pb_text][et_pb_text _builder_version=\u00bb4.24.2&#8243; _module_preset=\u00bb9e5fa064-3dda-4695-85ae-d529c66b0ad1&#8243; global_colors_info=\u00bb{}\u00bb]<\/p>\n<p>We identify patterns, trends, and areas for improvement to make strategic decisions that enhance the effectiveness of your campaigns.<\/p>\n<p>[\/et_pb_text][\/et_pb_column][et_pb_column type=\u00bb1_2&#8243; _builder_version=\u00bb4.21.0&#8243; _module_preset=\u00bbdefault\u00bb global_colors_info=\u00bb{}\u00bb][et_pb_image src=\u00bbhttp:\/\/digitalfivezero.com\/wp-content\/uploads\/2024\/03\/bussiness-of-future.png\u00bb title_text=\u00bbbussiness-of-future\u00bb url=\u00bbhttp:\/\/digitalfivezero.com\/consultoria\u00bb _builder_version=\u00bb4.24.2&#8243; _module_preset=\u00bbdefault\u00bb border_radii=\u00bbon|10px|10px|10px|10px\u00bb global_colors_info=\u00bb{}\u00bb][\/et_pb_image][et_pb_text _builder_version=\u00bb4.24.2&#8243; _module_preset=\u00bb73ea6d9a-304b-45d6-be05-18b2c285bde2&#8243; header_4_font=\u00bbPoppins|700|||||||\u00bb header_4_text_color=\u00bb#ed4f00&#8243; custom_margin=\u00bb||0px||false|false\u00bb global_colors_info=\u00bb{}\u00bb]<\/p>\n<h4><a href=\"http:\/\/digitalfivezero.com\/en\/consultoria\/\">Business to Future Consulting<\/a><\/h4>\n<p>[\/et_pb_text][et_pb_text _builder_version=\u00bb4.24.2&#8243; _module_preset=\u00bb9e5fa064-3dda-4695-85ae-d529c66b0ad1&#8243; global_colors_info=\u00bb{}\u00bb]<\/p>\n<p>With the help of advanced algorithms, AI techniques, and predictive analytics, we will develop strategies that drive profitability.\u00a0<\/p>\n<p>[\/et_pb_text][\/et_pb_column][\/et_pb_row][et_pb_row column_structure=\u00bb1_2,1_2&#8243; _builder_version=\u00bb4.21.0&#8243; _module_preset=\u00bbdefault\u00bb saved_tabs=\u00bball\u00bb global_colors_info=\u00bb{}\u00bb][et_pb_column type=\u00bb1_2&#8243; _builder_version=\u00bb4.21.0&#8243; _module_preset=\u00bbdefault\u00bb global_colors_info=\u00bb{}\u00bb][et_pb_image src=\u00bbhttp:\/\/digitalfivezero.com\/wp-content\/uploads\/2024\/03\/Gestion-y-redes.png\u00bb title_text=\u00bb-Gestion-y-redes\u00bb url=\u00bbhttp:\/\/digitalfivezero.com\/gestion-de-redes-sociales\u00bb _builder_version=\u00bb4.24.2&#8243; _module_preset=\u00bbdefault\u00bb border_radii=\u00bbon|10px|10px|10px|10px\u00bb locked=\u00bboff\u00bb global_colors_info=\u00bb{}\u00bb][\/et_pb_image][et_pb_text _builder_version=\u00bb4.24.2&#8243; _module_preset=\u00bb73ea6d9a-304b-45d6-be05-18b2c285bde2&#8243; header_4_font=\u00bbPoppins|700|||||||\u00bb header_4_text_color=\u00bb#ed4f00&#8243; custom_margin=\u00bb||0px||false|false\u00bb locked=\u00bboff\u00bb global_colors_info=\u00bb{}\u00bb]<\/p>\n<h4><a href=\"http:\/\/digitalfivezero.com\/en\/gestion-de-redes-sociales\/\">Social Media Management<\/a><\/h4>\n<p>[\/et_pb_text][et_pb_text _builder_version=\u00bb4.24.2&#8243; _module_preset=\u00bb9e5fa064-3dda-4695-85ae-d529c66b0ad1&#8243; hover_enabled=\u00bb0&#8243; locked=\u00bboff\u00bb global_colors_info=\u00bb{}\u00bb sticky_enabled=\u00bb0&#8243;]<\/p>\n<p><span>Connect, Engage, Impact: Professional Social Media Management<\/span><\/p>\n<p>[\/et_pb_text][\/et_pb_column][et_pb_column type=\u00bb1_2&#8243; _builder_version=\u00bb4.21.0&#8243; _module_preset=\u00bbdefault\u00bb global_colors_info=\u00bb{}\u00bb][et_pb_image src=\u00bbhttp:\/\/digitalfivezero.com\/wp-content\/uploads\/2024\/03\/Est-digitales.png\u00bb title_text=\u00bbEst-digitales\u00bb url=\u00bbhttp:\/\/digitalfivezero.com\/e-digitales-personalizadas\u00bb _builder_version=\u00bb4.24.2&#8243; _module_preset=\u00bbdefault\u00bb border_radii=\u00bbon|10px|10px|10px|10px\u00bb locked=\u00bboff\u00bb global_colors_info=\u00bb{}\u00bb][\/et_pb_image][et_pb_text _builder_version=\u00bb4.24.2&#8243; _module_preset=\u00bb73ea6d9a-304b-45d6-be05-18b2c285bde2&#8243; header_4_font=\u00bbPoppins|700|||||||\u00bb header_4_text_color=\u00bb#ed4f00&#8243; custom_margin=\u00bb||0px||false|false\u00bb locked=\u00bboff\u00bb global_colors_info=\u00bb{}\u00bb]<\/p>\n<h4><a href=\"http:\/\/digitalfivezero.com\/en\/e-digitales-personalizadas\/\">Customized Digital Strategies<\/a><\/h4>\n<p>[\/et_pb_text][et_pb_text _builder_version=\u00bb4.24.2&#8243; _module_preset=\u00bb9e5fa064-3dda-4695-85ae-d529c66b0ad1&#8243; hover_enabled=\u00bb0&#8243; locked=\u00bboff\u00bb global_colors_info=\u00bb{}\u00bb sticky_enabled=\u00bb0&#8243;]<\/p>\n<p>Boost your online presence: Customized digital strategies for you.<\/p>\n<p>[\/et_pb_text][\/et_pb_column][\/et_pb_row][\/et_pb_section][et_pb_section fb_built=\u00bb1&#8243; admin_label=\u00bbFooter CTA\u00bb module_id=\u00bbquieromillamada\u00bb _builder_version=\u00bb4.24.2&#8243; _module_preset=\u00bbdefault\u00bb use_background_color_gradient=\u00bbon\u00bb background_color_gradient_stops=\u00bbrgba(255,255,255,0.53) 0%|rgba(229,229,229,0.83) 100%\u00bb z_index=\u00bb1&#8243; min_height=\u00bb440px\u00bb custom_padding=\u00bb23px||22px|||\u00bb saved_tabs=\u00bball\u00bb locked=\u00bboff\u00bb collapsed=\u00bbon\u00bb global_colors_info=\u00bb{}\u00bb][et_pb_row column_structure=\u00bb1_2,1_2&#8243; use_custom_gutter=\u00bbon\u00bb make_equal=\u00bbon\u00bb custom_padding_last_edited=\u00bbon|desktop\u00bb _builder_version=\u00bb4.24.2&#8243; _module_preset=\u00bbdefault\u00bb custom_margin=\u00bb||0px||false|false\u00bb custom_padding=\u00bb60px|60px|60px|60px|true|true\u00bb custom_padding_tablet=\u00bb30px|30px|30px|30px|true|true\u00bb custom_padding_phone=\u00bb20px|20px|20px|20px|true|true\u00bb locked=\u00bboff\u00bb global_colors_info=\u00bb{%22gcid-b25270ff-80a4-43b3-b4f7-60812cb04374%22:%91%22arrows_custom_color%22,%22dot_nav_custom_color%22%93,%22gcid-815ebb39-646b-4c9a-a3e8-ce9c4b7f9e47%22:%91%22form_field_text_color%22,%22border_color_all_fields%22,%22header_text_color%22,%22body_text_color%22,%22meta_text_color%22%93}\u00bb][et_pb_column type=\u00bb1_2&#8243; _builder_version=\u00bb4.21.0&#8243; _module_preset=\u00bbdefault\u00bb custom_padding_tablet=\u00bb30px|30px|30px|30px|true|true\u00bb custom_padding_phone=\u00bb20px|20px|20px|20px|true|true\u00bb custom_padding_last_edited=\u00bboff|desktop\u00bb global_colors_info=\u00bb{%22gcid-b25270ff-80a4-43b3-b4f7-60812cb04374%22:%91%22arrows_custom_color%22,%22dot_nav_custom_color%22%93,%22gcid-815ebb39-646b-4c9a-a3e8-ce9c4b7f9e47%22:%91%22form_field_text_color%22,%22border_color_all%22,%22border_color_all_fields%22,%22header_text_color%22,%22body_text_color%22,%22meta_text_color%22%93,%22gcid-05959b20-5052-4306-928c-1caa44cf406e%22:%91%22background_color_gradient_stops%22%93}\u00bb][et_pb_text _builder_version=\u00bb4.24.0&#8243; _module_preset=\u00bb0c718dba-450e-4461-b84c-da2be57891b9&#8243; header_2_font=\u00bbPoppins|700|||||||\u00bb global_colors_info=\u00bb{}\u00bb]<\/p>\n<h2>Start your project with us today.<\/h2>\n<p>[\/et_pb_text][et_pb_text _builder_version=\u00bb4.24.0&#8243; _module_preset=\u00bbaacb63ec-343e-4989-aa02-62b92e2a9945&#8243; header_4_font=\u00bbPoppins||||||||\u00bb global_colors_info=\u00bb{}\u00bb]<\/p>\n<h4 role=\"heading\" aria-level=\"4\" data-ux=\"ContentHeading\" data-aid=\"CONTACT_INTRO_HEADING_REND\" data-typography=\"HeadingDelta\" class=\"x-el x-el-h4 c1-1 c1-2 c1-18 c1-19 c1-85 c1-2x c1-2w c1-1b c1-88 c1-b c1-9w c1-6i c1-1f c1-6k c1-6m c1-6n c1-6o\">Schedule a FREE 30-minute consultation!<\/h4>\n<p>[\/et_pb_text][et_pb_button button_url=\u00bbhttps:\/\/wa.me\/19548035478&#8243; url_new_window=\u00bbon\u00bb button_text=\u00bbQuiero mi llamada\u00bb _builder_version=\u00bb4.24.2&#8243; _module_preset=\u00bbdf99ef77-941e-47c0-883e-e04fe9694ada\u00bb button_text_color=\u00bb#FF5500&#8243; button_border_color=\u00bb#FF5500&#8243; button_font=\u00bbPoppins|700||on|||||\u00bb custom_padding=\u00bb10px|15px|10px|15px|true|true\u00bb global_colors_info=\u00bb{%22gcid-815ebb39-646b-4c9a-a3e8-ce9c4b7f9e47%22:%91%22button_text_color%22%93}\u00bb][\/et_pb_button][\/et_pb_column][et_pb_column type=\u00bb1_2&#8243; _builder_version=\u00bb4.21.0&#8243; _module_preset=\u00bbdefault\u00bb background_enable_image=\u00bboff\u00bb background_position=\u00bbcenter_left\u00bb global_colors_info=\u00bb{}\u00bb][et_pb_image src=\u00bbhttp:\/\/digitalfivezero.com\/wp-content\/uploads\/2024\/03\/Workwork.png\u00bb title_text=\u00bbWorkwork\u00bb _builder_version=\u00bb4.24.2&#8243; _module_preset=\u00bbdefault\u00bb transform_scale=\u00bb95%|95%\u00bb transform_translate=\u00bb-77px|-26px\u00bb transform_translate_linked=\u00bboff\u00bb z_index=\u00bb0&#8243; custom_margin=\u00bb-41px|-21.2%|-30%||false|false\u00bb animation_style=\u00bbslide\u00bb animation_direction=\u00bbright\u00bb global_colors_info=\u00bb{}\u00bb][\/et_pb_image][\/et_pb_column][\/et_pb_row][\/et_pb_section]<\/p>","protected":false},"excerpt":{"rendered":"<p>Sitios Web yAplicacionesImpulsa tu Presencia Online: Dise\u00f1o Web y Desarrollo de Aplicaciones AtractivasHaremos que tu presencia en la Web sea vista de una manera m\u00e1s atractiva Desarrollaremos un sitio web y\/o una aplicaci\u00f3n m\u00f3vil desde un dise\u00f1o atractivo y responsive hasta una navegaci\u00f3n intuitiva, para proporcionar una experiencia excepcional al usuario. Ya sea que necesites [&hellip;]<\/p>","protected":false},"author":1,"featured_media":0,"parent":0,"menu_order":0,"comment_status":"closed","ping_status":"closed","template":"","meta":{"_et_pb_use_builder":"on","_et_pb_old_content":"","_et_gb_content_width":"","footnotes":""},"class_list":["post-368","page","type-page","status-publish","hentry"],"_links":{"self":[{"href":"https:\/\/digitalfivezero.com\/en\/wp-json\/wp\/v2\/pages\/368"}],"collection":[{"href":"https:\/\/digitalfivezero.com\/en\/wp-json\/wp\/v2\/pages"}],"about":[{"href":"https:\/\/digitalfivezero.com\/en\/wp-json\/wp\/v2\/types\/page"}],"author":[{"embeddable":true,"href":"https:\/\/digitalfivezero.com\/en\/wp-json\/wp\/v2\/users\/1"}],"replies":[{"embeddable":true,"href":"https:\/\/digitalfivezero.com\/en\/wp-json\/wp\/v2\/comments?post=368"}],"version-history":[{"count":6,"href":"https:\/\/digitalfivezero.com\/en\/wp-json\/wp\/v2\/pages\/368\/revisions"}],"predecessor-version":[{"id":759,"href":"https:\/\/digitalfivezero.com\/en\/wp-json\/wp\/v2\/pages\/368\/revisions\/759"}],"wp:attachment":[{"href":"https:\/\/digitalfivezero.com\/en\/wp-json\/wp\/v2\/media?parent=368"}],"curies":[{"name":"wp","href":"https:\/\/api.w.org\/{rel}","templated":true}]}}